{"id":175,"date":"2024-02-19T14:32:26","date_gmt":"2024-02-19T13:32:26","guid":{"rendered":"https:\/\/thecrew.issaline.com\/?page_id=175"},"modified":"2025-01-27T15:14:27","modified_gmt":"2025-01-27T14:14:27","slug":"nuestra-familia","status":"publish","type":"page","link":"https:\/\/thecrew.issaline.com\/en\/nuestra-familia\/","title":{"rendered":"Our family"},"content":{"rendered":"<div id=\"cs-content\" class=\"cs-content\"><div class=\"x-section e175-e1 m4v-0 m4v-1\"><div class=\"x-bg\" aria-hidden=\"true\"><div class=\"x-bg-layer-lower-image\" style=\" background-image: url(https:\/\/thecrew.issaline.com\/wp-content\/uploads\/2025\/01\/Portada_Miembros.jpg); background-repeat: no-repeat; background-position: center; background-size: cover;\"><\/div><\/div><div class=\"x-row x-container max width e175-e2 m4v-3 m4v-4 m4v-6 m4v-7\"><div class=\"x-row-inner\"><div class=\"x-col e175-e3 m4v-9\"><div class=\"x-text x-content e175-e4 m4v-a m4v-b m4v-c\">The crew<\/div><div class=\"x-text x-text-headline e175-e5 m4v-i\"><div class=\"x-text-content\"><div class=\"x-text-content-text\"><h1 class=\"x-text-content-text-primary\">Our family<\/h1>\n<\/div><\/div><\/div><div class=\"x-text x-content e175-e6 m4v-a m4v-d\">Discover and read stories about workers who turn limits into challenges.<\/div><\/div><\/div><\/div><\/div><div class=\"x-section e175-e7 m4v-0 m4v-2\"><div class=\"x-row x-container max width e175-e8 m4v-3 m4v-5 m4v-6 m4v-8\"><div class=\"x-row-inner\"><div class=\"x-col e175-e9 m4v-9\"><nav class=\"x-crumbs e175-e10 m4v-j\" role=\"navigation\"><ol class=\"x-crumbs-list\" itemscope=\"\" itemtype=\"http:\/\/schema.org\/BreadcrumbList\" aria-label=\"Breadcrumb Navigation\"><li class=\"x-crumbs-list-item\" itemprop=\"itemListElement\" itemscope itemtype=\"http:\/\/schema.org\/ListItem\"><a class=\"x-crumbs-current x-crumbs-link\" itemtype=\"http:\/\/schema.org\/Thing\" itemprop=\"item\" href=\"https:\/\/thecrew.issaline.com\/en\/\" title=\"You Are Here\"><span itemprop=\"name\">The Crew<\/span><\/a><meta itemprop=\"position\" content=\"1\"><\/li><\/ol><\/nav><\/div><\/div><\/div><div class=\"x-grid x-container max width e175-e11 m4v-k\"><div class=\"x-cell e175-e12 m4v-l\"><div class=\"x-div e175-e13 m4v-m m4v-n m4v-o m4v-p m4v-q\"><div class=\"x-div e175-e14 m4v-o m4v-p m4v-q m4v-r m4v-s\"><div class=\"x-bg\" aria-hidden=\"true\"><div class=\"x-bg-layer-lower-image\" style=\" background-image: url(https:\/\/thecrew.issaline.com\/wp-content\/uploads\/2025\/12\/agropauli_7.jpg); background-repeat: no-repeat; background-position: center; background-size: cover;\"><\/div><\/div><\/div><div class=\"x-div e175-e15 m4v-m m4v-o m4v-p m4v-t\"><div class=\"x-div e175-e16 m4v-p m4v-q m4v-r m4v-u\"><div class=\"x-text x-content e175-e17 m4v-a m4v-b m4v-e m4v-f\">Paula Nu\u00e9valos<\/div><hr class=\"x-line e175-e18 m4v-v\"\/><div class=\"x-text x-content e175-e19 m4v-a m4v-b m4v-f m4v-g\">@agropauli<\/div><hr class=\"x-line e175-e20 m4v-v\"\/><div class=\"x-text x-content e175-e21 m4v-a m4v-b m4v-f m4v-h\"><span style=\"font-weight: 600;\" class=\"green-text\">Agriculture<\/span><\/div><\/div><a class=\"x-anchor x-anchor-button e175-e22 m4v-w\" tabindex=\"0\" href=\"https:\/\/thecrew.issaline.com\/en\/crew-member\/paula-nuevalos\/\"><div class=\"x-anchor-content\"><div class=\"x-anchor-text\"><span class=\"x-anchor-text-primary\">See more<\/span><\/div><\/div><\/a><\/div><\/div><\/div><div class=\"x-cell e175-e12 m4v-l\"><div class=\"x-div e175-e13 m4v-m m4v-n m4v-o m4v-p m4v-q\"><div class=\"x-div e175-e14 m4v-o m4v-p m4v-q m4v-r m4v-s\"><div class=\"x-bg\" aria-hidden=\"true\"><div class=\"x-bg-layer-lower-image\" style=\" background-image: url(https:\/\/thecrew.issaline.com\/wp-content\/uploads\/2025\/01\/JoelMartinez_fotoperfil.jpg); background-repeat: no-repeat; background-position: center; background-size: cover;\"><\/div><\/div><\/div><div class=\"x-div e175-e15 m4v-m m4v-o m4v-p m4v-t\"><div class=\"x-div e175-e16 m4v-p m4v-q m4v-r m4v-u\"><div class=\"x-text x-content e175-e17 m4v-a m4v-b m4v-e m4v-f\">Joel Martinez<\/div><hr class=\"x-line e175-e18 m4v-v\"\/><div class=\"x-text x-content e175-e19 m4v-a m4v-b m4v-f m4v-g\">@martinezwoodworking<\/div><hr class=\"x-line e175-e20 m4v-v\"\/><div class=\"x-text x-content e175-e21 m4v-a m4v-b m4v-f m4v-h\"><span style=\"font-weight: 600;\" class=\"green-text\">Cabinetmaking<\/span><\/div><\/div><a class=\"x-anchor x-anchor-button e175-e22 m4v-w\" tabindex=\"0\" href=\"https:\/\/thecrew.issaline.com\/en\/crew-member\/joel-martinez\/\"><div class=\"x-anchor-content\"><div class=\"x-anchor-text\"><span class=\"x-anchor-text-primary\">See more<\/span><\/div><\/div><\/a><\/div><\/div><\/div><div class=\"x-cell e175-e12 m4v-l\"><div class=\"x-div e175-e13 m4v-m m4v-n m4v-o m4v-p m4v-q\"><div class=\"x-div e175-e14 m4v-o m4v-p m4v-q m4v-r m4v-s\"><div class=\"x-bg\" aria-hidden=\"true\"><div class=\"x-bg-layer-lower-image\" style=\" background-image: url(https:\/\/thecrew.issaline.com\/wp-content\/uploads\/2023\/11\/arteotro.jpg); background-repeat: no-repeat; background-position: center; background-size: cover;\"><\/div><\/div><\/div><div class=\"x-div e175-e15 m4v-m m4v-o m4v-p m4v-t\"><div class=\"x-div e175-e16 m4v-p m4v-q m4v-r m4v-u\"><div class=\"x-text x-content e175-e17 m4v-a m4v-b m4v-e m4v-f\">\u00c1lvaro Indias Salguero<\/div><hr class=\"x-line e175-e18 m4v-v\"\/><div class=\"x-text x-content e175-e19 m4v-a m4v-b m4v-f m4v-g\">@arteotroworkshop<\/div><hr class=\"x-line e175-e20 m4v-v\"\/><div class=\"x-text x-content e175-e21 m4v-a m4v-b m4v-f m4v-h\"><span style=\"font-weight: 600;\" class=\"green-text\">Maker<\/span><\/div><\/div><a class=\"x-anchor x-anchor-button e175-e22 m4v-w\" tabindex=\"0\" href=\"https:\/\/thecrew.issaline.com\/en\/crew-member\/alvaro-indias-salguero\/\"><div class=\"x-anchor-content\"><div class=\"x-anchor-text\"><span class=\"x-anchor-text-primary\">See more<\/span><\/div><\/div><\/a><\/div><\/div><\/div><div class=\"x-cell e175-e12 m4v-l\"><div class=\"x-div e175-e13 m4v-m m4v-n m4v-o m4v-p m4v-q\"><div class=\"x-div e175-e14 m4v-o m4v-p m4v-q m4v-r m4v-s\"><div class=\"x-bg\" aria-hidden=\"true\"><div class=\"x-bg-layer-lower-image\" style=\" background-image: url(https:\/\/thecrew.issaline.com\/wp-content\/uploads\/2023\/11\/metalmundo.jpg); background-repeat: no-repeat; background-position: center; background-size: cover;\"><\/div><\/div><\/div><div class=\"x-div e175-e15 m4v-m m4v-o m4v-p m4v-t\"><div class=\"x-div e175-e16 m4v-p m4v-q m4v-r m4v-u\"><div class=\"x-text x-content e175-e17 m4v-a m4v-b m4v-e m4v-f\">Jos\u00e9 Manuel Mu\u00f1oz<\/div><hr class=\"x-line e175-e18 m4v-v\"\/><div class=\"x-text x-content e175-e19 m4v-a m4v-b m4v-f m4v-g\">@metalmundo.maker<\/div><hr class=\"x-line e175-e20 m4v-v\"\/><div class=\"x-text x-content e175-e21 m4v-a m4v-b m4v-f m4v-h\"><span style=\"font-weight: 600;\" class=\"green-text\">Blacksmith<\/span><\/div><\/div><a class=\"x-anchor x-anchor-button e175-e22 m4v-w\" tabindex=\"0\" href=\"https:\/\/thecrew.issaline.com\/en\/crew-member\/jose-manuel-munoz\/\"><div class=\"x-anchor-content\"><div class=\"x-anchor-text\"><span class=\"x-anchor-text-primary\">See more<\/span><\/div><\/div><\/a><\/div><\/div><\/div><div class=\"x-cell e175-e12 m4v-l\"><div class=\"x-div e175-e13 m4v-m m4v-n m4v-o m4v-p m4v-q\"><div class=\"x-div e175-e14 m4v-o m4v-p m4v-q m4v-r m4v-s\"><div class=\"x-bg\" aria-hidden=\"true\"><div class=\"x-bg-layer-lower-image\" style=\" background-image: url(https:\/\/thecrew.issaline.com\/wp-content\/uploads\/2023\/11\/vicproject.jpg); background-repeat: no-repeat; background-position: center; background-size: cover;\"><\/div><\/div><\/div><div class=\"x-div e175-e15 m4v-m m4v-o m4v-p m4v-t\"><div class=\"x-div e175-e16 m4v-p m4v-q m4v-r m4v-u\"><div class=\"x-text x-content e175-e17 m4v-a m4v-b m4v-e m4v-f\">Victor Vico<\/div><hr class=\"x-line e175-e18 m4v-v\"\/><div class=\"x-text x-content e175-e19 m4v-a m4v-b m4v-f m4v-g\">@vicoprojects<\/div><hr class=\"x-line e175-e20 m4v-v\"\/><div class=\"x-text x-content e175-e21 m4v-a m4v-b m4v-f m4v-h\"><span style=\"font-weight: 600;\" class=\"green-text\">Mechanics<\/span><\/div><\/div><a class=\"x-anchor x-anchor-button e175-e22 m4v-w\" tabindex=\"0\" href=\"https:\/\/thecrew.issaline.com\/en\/crew-member\/victor-vico\/\"><div class=\"x-anchor-content\"><div class=\"x-anchor-text\"><span class=\"x-anchor-text-primary\">See more<\/span><\/div><\/div><\/a><\/div><\/div><\/div><div class=\"x-cell e175-e12 m4v-l\"><div class=\"x-div e175-e13 m4v-m m4v-n m4v-o m4v-p m4v-q\"><div class=\"x-div e175-e14 m4v-o m4v-p m4v-q m4v-r m4v-s\"><div class=\"x-bg\" aria-hidden=\"true\"><div class=\"x-bg-layer-lower-image\" style=\" background-image: url(https:\/\/thecrew.issaline.com\/wp-content\/uploads\/2023\/11\/framericky.jpg); background-repeat: no-repeat; background-position: center; background-size: cover;\"><\/div><\/div><\/div><div class=\"x-div e175-e15 m4v-m m4v-o m4v-p m4v-t\"><div class=\"x-div e175-e16 m4v-p m4v-q m4v-r m4v-u\"><div class=\"x-text x-content e175-e17 m4v-a m4v-b m4v-e m4v-f\">Riccardo Artuso<\/div><hr class=\"x-line e175-e18 m4v-v\"\/><div class=\"x-text x-content e175-e19 m4v-a m4v-b m4v-f m4v-g\">@farmericky<\/div><hr class=\"x-line e175-e20 m4v-v\"\/><div class=\"x-text x-content e175-e21 m4v-a m4v-b m4v-f m4v-h\"><span style=\"font-weight: 600;\" class=\"green-text\">Agriculture<\/span><\/div><\/div><a class=\"x-anchor x-anchor-button e175-e22 m4v-w\" tabindex=\"0\" href=\"https:\/\/thecrew.issaline.com\/en\/crew-member\/riccardo-artuso\/\"><div class=\"x-anchor-content\"><div class=\"x-anchor-text\"><span class=\"x-anchor-text-primary\">See more<\/span><\/div><\/div><\/a><\/div><\/div><\/div><\/div><\/div><\/div>","protected":false},"excerpt":{"rendered":"<p>The crewOur family Discover and read stories about workers who turn limits into challenges.The CrewPaula Nu\u00e9valos@agropauliAgricultureView moreJoel Mart\u00ednez@martinezwoodworkingCabinetmakingView more\u00c1lvaro Indias Salguero@arteotroworkshopMakerView moreJos\u00e9 Manuel Mu\u00f1oz@metalmundo.makerHerrer\u00edaVer moreV\u00edctor Vico@vicoprojectsMechanicsView moreRiccardo Artuso@farmerickyAgricultureView more<\/p>","protected":false},"author":1,"featured_media":0,"parent":0,"menu_order":0,"comment_status":"closed","ping_status":"closed","template":"template-blank-4.php","meta":{"_acf_changed":false,"footnotes":""},"class_list":["post-175","page","type-page","status-publish","hentry","no-post-thumbnail"],"acf":[],"_links":{"self":[{"href":"https:\/\/thecrew.issaline.com\/en\/wp-json\/wp\/v2\/pages\/175","targetHints":{"allow":["GET"]}}],"collection":[{"href":"https:\/\/thecrew.issaline.com\/en\/wp-json\/wp\/v2\/pages"}],"about":[{"href":"https:\/\/thecrew.issaline.com\/en\/wp-json\/wp\/v2\/types\/page"}],"author":[{"embeddable":true,"href":"https:\/\/thecrew.issaline.com\/en\/wp-json\/wp\/v2\/users\/1"}],"replies":[{"embeddable":true,"href":"https:\/\/thecrew.issaline.com\/en\/wp-json\/wp\/v2\/comments?post=175"}],"version-history":[{"count":16,"href":"https:\/\/thecrew.issaline.com\/en\/wp-json\/wp\/v2\/pages\/175\/revisions"}],"predecessor-version":[{"id":193,"href":"https:\/\/thecrew.issaline.com\/en\/wp-json\/wp\/v2\/pages\/175\/revisions\/193"}],"wp:attachment":[{"href":"https:\/\/thecrew.issaline.com\/en\/wp-json\/wp\/v2\/media?parent=175"}],"curies":[{"name":"wp","href":"https:\/\/api.w.org\/{rel}","templated":true}]}}