{"id":389,"date":"2025-02-03T16:41:50","date_gmt":"2025-02-03T15:41:50","guid":{"rendered":"https:\/\/thecrew.issaline.com\/?page_id=389"},"modified":"2025-09-08T14:03:44","modified_gmt":"2025-09-08T12:03:44","slug":"singular-workers","status":"publish","type":"page","link":"https:\/\/thecrew.issaline.com\/en\/singular-workers\/","title":{"rendered":"Singular Workers"},"content":{"rendered":"<div id=\"cs-content\" class=\"cs-content\"><div class=\"x-section e389-e1 mat-0 mat-1\"><div class=\"x-bg\" aria-hidden=\"true\"><div class=\"x-bg-layer-lower-image\" style=\" background-image: url(https:\/\/thecrew.issaline.com\/wp-content\/uploads\/2025\/02\/singular_workers_portada_.jpg); background-repeat: no-repeat; background-position: center; background-size: cover;\"><\/div><div class=\"x-bg-layer-upper-color\" style=\" background-color: #252F3B3d;\"><\/div><\/div><div class=\"x-row x-container max width e389-e2 mat-d mat-e mat-f mat-m\"><div class=\"x-row-inner\"><div class=\"x-col e389-e3 mat-x mat-y\"><div class=\"x-div e389-e4 mat-12 mat-13 mat-14 mat-15 mat-16 mat-17 mat-18 mat-19\"><div class=\"x-text x-content e389-e5 mat-1p mat-1q mat-1r mat-1s mat-1t mat-1u mat-1v\">Unique works carried out with passion and effort, preserving the tradition from generation to generation.<\/div><\/div><\/div><\/div><\/div><\/div><div class=\"x-section e389-e6 mat-0 mat-2 mat-3\"><div class=\"x-row x-container max width e389-e7 mat-d mat-e mat-g mat-n mat-o\"><div class=\"x-row-inner\"><div class=\"x-col e389-e8 mat-x mat-y\"><div class=\"x-text x-content e389-e9 mat-1q mat-1r mat-1u mat-1w mat-1x mat-1y mat-1z mat-20\"><p>Because what is really important in the job is who performs it. Those workers who put all their passion and dedication in their daily work. This is a space to give voice and recognize these people.<br \/>People who inspire us to keep improving.<\/p><\/div><hr class=\"x-line e389-e10 mat-2e mat-2f\"\/><div class=\"x-text x-text-headline e389-e11 mat-2i mat-2j mat-2k mat-2l\"><div class=\"x-text-content\"><div class=\"x-text-content-text\"><h4 class=\"x-text-content-text-primary\">More than a job, passion for a tradition.<\/h4>\n<\/div><\/div><\/div><hr class=\"x-line e389-e12 mat-2e mat-2f\"\/><span class=\"x-image e389-e13 mat-2p mat-2q\"><img decoding=\"async\" src=\"https:\/\/thecrew.issaline.com\/wp-content\/uploads\/2025\/01\/Issaline_logo.png\" width=\"479\" height=\"195\" alt=\"Image\" loading=\"lazy\"><\/span><\/div><\/div><\/div><\/div><div class=\"x-section e389-e14 mat-0 mat-3 mat-4 mat-5\"><div class=\"x-row x-container max width e389-e15 mat-d mat-e mat-g mat-h mat-n mat-p\"><div class=\"x-row-inner\"><div class=\"x-col x-hide-sm x-hide-xs e389-e16 mat-x mat-y mat-z\"><div class=\"x-div e389-e17 mat-15 mat-16 mat-17 mat-18 mat-19 mat-1a mat-1b mat-1c\"><span class=\"x-image e389-e18 mat-2p mat-2r\"><img decoding=\"async\" src=\"https:\/\/thecrew.issaline.com\/wp-content\/uploads\/2025\/02\/Enmascarar-grupo-64.jpg\" width=\"527\" height=\"676\" alt=\"Image\" loading=\"lazy\"><\/span><\/div><\/div><div class=\"x-col e389-e19 mat-x mat-10\"><div class=\"x-text x-text-headline e389-e20 mat-2i mat-2j mat-2m mat-2n\"><div class=\"x-text-content\"><div class=\"x-text-content-text\"><h2 class=\"x-text-content-text-primary\">Singular Works\n<span class=\"green-text\">Unique People<\/span><\/h2>\n<\/div><\/div><\/div><hr class=\"x-line e389-e21 mat-2f mat-2g\"\/><div class=\"x-text x-content e389-e22 mat-1q mat-1r mat-1t mat-1u mat-20 mat-21 mat-22 mat-23\"><p>These are those workers who dedicate themselves to their trade craft <strong>with passion and dedication<\/strong>. Those who turn limits into challenges. Those whose work adds to the lives of others.<\/p>\n<p>These are the workers who are part of Singular Workers.<\/p><\/div><\/div><\/div><\/div><\/div><div class=\"x-section e389-e23 mat-0 mat-3 mat-4 mat-6\"><div class=\"x-row x-container max width e389-e24 mat-d mat-g mat-i mat-j mat-n mat-q\"><div class=\"x-row-inner\"><div class=\"x-col e389-e25 mat-x mat-y\"><div class=\"x-text x-content e389-e26 mat-1q mat-1r mat-1t mat-1y mat-20 mat-22 mat-23 mat-24\">Meet our <span class=\"green-text\"> singular workers. <\/span><\/div><\/div><\/div><\/div><div class=\"x-grid x-container max width e389-e27 mat-2u mat-2v\"><a class=\"x-cell e389-e28 mat-2x mat-2y\" href=\"https:\/\/thecrew.issaline.com\/en\/singular-worker\/palomar\/\" data-x-effect-provider=\"colors effects\"><div class=\"x-div e389-e29 mat-15 mat-16 mat-17 mat-18 mat-19 mat-1a mat-1c mat-1d\"><span class=\"x-image e389-e30 mat-2p mat-2r mat-9 mat-a\" data-x-effect=\"{&quot;durationBase&quot;:&quot;300ms&quot;}\"><img decoding=\"async\" src=\"https:\/\/thecrew.issaline.com\/wp-content\/uploads\/2025\/07\/ElPalomar-48.jpg\" width=\"960\" height=\"640\" alt=\"Image\" loading=\"lazy\"><\/span><\/div><div class=\"x-div e389-e31 mat-12 mat-15 mat-17 mat-18 mat-19 mat-1e mat-1f mat-1g\"><div class=\"x-text x-content e389-e32 mat-1q mat-1r mat-1v mat-1x mat-1y mat-24 mat-25 mat-a mat-b\" data-x-effect=\"{&quot;durationBase&quot;:&quot;300ms&quot;}\">El Palomar Farmhouse<\/div><div class=\"x-text x-content e389-e33 mat-1q mat-1r mat-1u mat-1v mat-1w mat-22 mat-26 mat-a mat-c\" data-x-effect=\"{&quot;durationBase&quot;:&quot;300ms&quot;}\">Here, every day takes on new meaning. We have found purpose in the stewardship of the territory, the connection with the land and the rescue of a rural life that seemed destined to oblivion.<\/div><span class=\"x-anchor x-anchor-button e389-e34 mat-31\" tabindex=\"0\"><div class=\"x-anchor-content\"><div class=\"x-anchor-text\"><span class=\"x-anchor-text-primary\">See more<\/span><\/div><\/div><\/span><\/div><\/a><a class=\"x-cell e389-e28 mat-2x mat-2y\" href=\"https:\/\/thecrew.issaline.com\/en\/singular-worker\/vidrio-sorribes\/\" data-x-effect-provider=\"colors effects\"><div class=\"x-div e389-e29 mat-15 mat-16 mat-17 mat-18 mat-19 mat-1a mat-1c mat-1d\"><span class=\"x-image e389-e30 mat-2p mat-2r mat-9 mat-a\" data-x-effect=\"{&quot;durationBase&quot;:&quot;300ms&quot;}\"><img decoding=\"async\" src=\"https:\/\/thecrew.issaline.com\/wp-content\/uploads\/2025\/03\/vidrio_soriibes.jpg\" width=\"960\" height=\"540\" alt=\"Image\" loading=\"lazy\"><\/span><\/div><div class=\"x-div e389-e31 mat-12 mat-15 mat-17 mat-18 mat-19 mat-1e mat-1f mat-1g\"><div class=\"x-text x-content e389-e32 mat-1q mat-1r mat-1v mat-1x mat-1y mat-24 mat-25 mat-a mat-b\" data-x-effect=\"{&quot;durationBase&quot;:&quot;300ms&quot;}\">Sorribes Glass<\/div><div class=\"x-text x-content e389-e33 mat-1q mat-1r mat-1u mat-1v mat-1w mat-22 mat-26 mat-a mat-c\" data-x-effect=\"{&quot;durationBase&quot;:&quot;300ms&quot;}\">Our story is that of a craft that melds with time. Almost a century ago, my great-grandfather held molten glass in his hands for the first time, starting a legacy that has been passed down from generation to generation.<\/div><span class=\"x-anchor x-anchor-button e389-e34 mat-31\" tabindex=\"0\"><div class=\"x-anchor-content\"><div class=\"x-anchor-text\"><span class=\"x-anchor-text-primary\">See more<\/span><\/div><\/div><\/span><\/div><\/a><a class=\"x-cell e389-e28 mat-2x mat-2y\" href=\"https:\/\/thecrew.issaline.com\/en\/singular-worker\/mosaico-nolla\/\" data-x-effect-provider=\"colors effects\"><div class=\"x-div e389-e29 mat-15 mat-16 mat-17 mat-18 mat-19 mat-1a mat-1c mat-1d\"><span class=\"x-image e389-e30 mat-2p mat-2r mat-9 mat-a\" data-x-effect=\"{&quot;durationBase&quot;:&quot;300ms&quot;}\"><img decoding=\"async\" src=\"https:\/\/thecrew.issaline.com\/wp-content\/uploads\/2025\/02\/MosaicoNolla_1.jpg\" width=\"960\" height=\"540\" alt=\"Image\" loading=\"lazy\"><\/span><\/div><div class=\"x-div e389-e31 mat-12 mat-15 mat-17 mat-18 mat-19 mat-1e mat-1f mat-1g\"><div class=\"x-text x-content e389-e32 mat-1q mat-1r mat-1v mat-1x mat-1y mat-24 mat-25 mat-a mat-b\" data-x-effect=\"{&quot;durationBase&quot;:&quot;300ms&quot;}\">Nolla Mosaic<\/div><div class=\"x-text x-content e389-e33 mat-1q mat-1r mat-1u mat-1v mat-1w mat-22 mat-26 mat-a mat-c\" data-x-effect=\"{&quot;durationBase&quot;:&quot;300ms&quot;}\">As mammals we build our homes from the ground up. With a handful of passion and a handful of ambition. A dose of empowerment and the bonds of our community.<\/div><span class=\"x-anchor x-anchor-button e389-e34 mat-31\" tabindex=\"0\"><div class=\"x-anchor-content\"><div class=\"x-anchor-text\"><span class=\"x-anchor-text-primary\">See more<\/span><\/div><\/div><\/span><\/div><\/a><a class=\"x-cell e389-e28 mat-2x mat-2y\" href=\"https:\/\/thecrew.issaline.com\/en\/singular-worker\/okambuva\/\" data-x-effect-provider=\"colors effects\"><div class=\"x-div e389-e29 mat-15 mat-16 mat-17 mat-18 mat-19 mat-1a mat-1c mat-1d\"><span class=\"x-image e389-e30 mat-2p mat-2r mat-9 mat-a\" data-x-effect=\"{&quot;durationBase&quot;:&quot;300ms&quot;}\"><img decoding=\"async\" src=\"https:\/\/thecrew.issaline.com\/wp-content\/uploads\/2025\/02\/okambuva_1.jpg\" width=\"960\" height=\"540\" alt=\"Image\" loading=\"lazy\"><\/span><\/div><div class=\"x-div e389-e31 mat-12 mat-15 mat-17 mat-18 mat-19 mat-1e mat-1f mat-1g\"><div class=\"x-text x-content e389-e32 mat-1q mat-1r mat-1v mat-1x mat-1y mat-24 mat-25 mat-a mat-b\" data-x-effect=\"{&quot;durationBase&quot;:&quot;300ms&quot;}\">Okambuva<\/div><div class=\"x-text x-content e389-e33 mat-1q mat-1r mat-1u mat-1v mat-1w mat-22 mat-26 mat-a mat-c\" data-x-effect=\"{&quot;durationBase&quot;:&quot;300ms&quot;}\">We adapt sustainable materials and techniques to the new times, carrying out projects that respond to the needs of each person.<\/div><span class=\"x-anchor x-anchor-button e389-e34 mat-31\" tabindex=\"0\"><div class=\"x-anchor-content\"><div class=\"x-anchor-text\"><span class=\"x-anchor-text-primary\">See more<\/span><\/div><\/div><\/span><\/div><\/a><a class=\"x-cell e389-e28 mat-2x mat-2y\" href=\"https:\/\/thecrew.issaline.com\/en\/singular-worker\/artistas-falleros\/\" data-x-effect-provider=\"colors effects\"><div class=\"x-div e389-e29 mat-15 mat-16 mat-17 mat-18 mat-19 mat-1a mat-1c mat-1d\"><span class=\"x-image e389-e30 mat-2p mat-2r mat-9 mat-a\" data-x-effect=\"{&quot;durationBase&quot;:&quot;300ms&quot;}\"><img decoding=\"async\" src=\"https:\/\/thecrew.issaline.com\/wp-content\/uploads\/2025\/02\/E146870.jpg\" width=\"615\" height=\"678\" alt=\"Image\" loading=\"lazy\"><\/span><\/div><div class=\"x-div e389-e31 mat-12 mat-15 mat-17 mat-18 mat-19 mat-1e mat-1f mat-1g\"><div class=\"x-text x-content e389-e32 mat-1q mat-1r mat-1v mat-1x mat-1y mat-24 mat-25 mat-a mat-b\" data-x-effect=\"{&quot;durationBase&quot;:&quot;300ms&quot;}\">Fallas Artists<\/div><div class=\"x-text x-content e389-e33 mat-1q mat-1r mat-1u mat-1v mat-1w mat-22 mat-26 mat-a mat-c\" data-x-effect=\"{&quot;durationBase&quot;:&quot;300ms&quot;}\">A profession with centuries of history in the city of Valencia. Workers who keep the fallera tradition alive throughout the year.<\/div><span class=\"x-anchor x-anchor-button e389-e34 mat-31\" tabindex=\"0\"><div class=\"x-anchor-content\"><div class=\"x-anchor-text\"><span class=\"x-anchor-text-primary\">See more<\/span><\/div><\/div><\/span><\/div><\/a><\/div><\/div><div class=\"x-section e389-e35 mat-0 mat-3 mat-7\"><div class=\"x-row x-container max width e389-e36 mat-d mat-g mat-i mat-k mat-n mat-r\"><div class=\"x-row-inner\"><div class=\"x-col e389-e37 mat-x mat-y\"><div class=\"x-text x-text-headline e389-e38 mat-2i mat-2l mat-2n mat-2o\"><div class=\"x-text-content\"><div class=\"x-text-content-text\"><h2 class=\"x-text-content-text-primary\">Discover unique works full of <span class=\"green-text\">passion and dedication.<\/span><\/h2>\n<\/div><\/div><\/div><hr class=\"x-line e389-e39 mat-2f mat-2h\"\/><div class=\"x-text x-content e389-e40 mat-1q mat-1r mat-1s mat-1u mat-20 mat-27\">Immerse yourself in the stories of each of our Singular Workers. <strong>Get to know each of his works.<\/strong> Passed down from parents to children, these jobs endure thanks to people who love their work and keep it alive.<\/div><hr class=\"x-line e389-e41 mat-2f mat-2h\"\/><\/div><\/div><\/div><div class=\"x-slide-container-viewport is-loading e389-e42 mat-32\" data-x-slide-container=\"{&quot;keyboardNavigation&quot;:true,&quot;justify&quot;:&quot;center&quot;,&quot;snap&quot;:true,&quot;int&quot;:&quot;drag off&quot;,&quot;direction&quot;:&quot;forward&quot;,&quot;startingSlide&quot;:1}\"><div class=\"x-slide-container-content x-container max width\"><div class=\"x-slide-container is-inline is-paged\"><div class=\"x-slide e389-e43 mat-33\" data-x-slide=\"\"><div class=\"x-div e389-e44 mat-17 mat-18 mat-19 mat-1a mat-1b mat-1c mat-1g mat-1h mat-1i mat-1j\"><div class=\"x-bg\" aria-hidden=\"true\"><div class=\"x-bg-layer-lower-video\"><div  class=\"x-video player bg transparent hide-controls autoplay loop muted playsinline\" data-x-element-mejs=\"{&quot;poster&quot;:&quot;&quot;}\"  data-x-video-options='{\"pause_out_of_view\":true}'><script type=\"text\/template\"><div class=\"x-video-inner video\/mp4  transparent\"><video class=\"x-mejs has-stack-styles\" preload=\"metadata\" autoplay loop muted playsinline><source src=\"https:\/\/thecrew.issaline.com\/wp-content\/uploads\/2025\/09\/Preview-Singular_Palomar_.mp4\" type=\"video\/mp4\"><\/video><\/div><\/script><\/div><\/div><\/div><\/div><div class=\"x-div e389-e45 mat-12 mat-13 mat-15 mat-16 mat-17 mat-18 mat-19 mat-1c mat-1j mat-1k mat-1l\"><span class=\"x-image e389-e46 mat-2p mat-2s\"><img decoding=\"async\" src=\"https:\/\/thecrew.issaline.com\/wp-content\/uploads\/2025\/07\/ElPalomar-scaled.png\" width=\"1280\" height=\"1165\" alt=\"Image\" loading=\"lazy\"><\/span><\/div><\/div><div class=\"x-slide e389-e47 mat-33\" data-x-slide=\"\"><div class=\"x-div e389-e48 mat-17 mat-18 mat-19 mat-1a mat-1b mat-1c mat-1g mat-1h mat-1i mat-1j\"><div class=\"x-bg\" aria-hidden=\"true\"><div class=\"x-bg-layer-lower-video\"><div  class=\"x-video player bg transparent hide-controls autoplay loop muted playsinline\" data-x-element-mejs=\"{&quot;poster&quot;:&quot;&quot;}\"  data-x-video-options='{\"pause_out_of_view\":true}'><script type=\"text\/template\"><div class=\"x-video-inner video\/mp4  transparent\"><video class=\"x-mejs has-stack-styles\" preload=\"metadata\" autoplay loop muted playsinline><source src=\"https:\/\/thecrew.issaline.com\/wp-content\/uploads\/2025\/09\/Preview-Singular_VidrioSorribes.mp4\" type=\"video\/mp4\"><\/video><\/div><\/script><\/div><\/div><\/div><\/div><div class=\"x-div e389-e49 mat-12 mat-13 mat-15 mat-16 mat-17 mat-18 mat-19 mat-1c mat-1j mat-1k mat-1l\"><span class=\"x-image e389-e50 mat-2p mat-2s\"><img decoding=\"async\" src=\"https:\/\/thecrew.issaline.com\/wp-content\/uploads\/2025\/03\/VidrioSorribes_logo.png\" width=\"593\" height=\"540\" alt=\"Image\" loading=\"lazy\"><\/span><\/div><\/div><div class=\"x-slide e389-e51 mat-33\" data-x-slide=\"\"><div class=\"x-div e389-e52 mat-17 mat-18 mat-19 mat-1a mat-1b mat-1c mat-1g mat-1h mat-1i mat-1j\"><div class=\"x-bg\" aria-hidden=\"true\"><div class=\"x-bg-layer-lower-video\"><div  class=\"x-video player bg transparent hide-controls autoplay loop muted playsinline\" data-x-element-mejs=\"{&quot;poster&quot;:&quot;&quot;}\"  data-x-video-options='{\"pause_out_of_view\":true}'><script type=\"text\/template\"><div class=\"x-video-inner video\/mp4  transparent\"><video class=\"x-mejs has-stack-styles\" preload=\"metadata\" autoplay loop muted playsinline><source src=\"https:\/\/thecrew.issaline.com\/wp-content\/uploads\/2025\/02\/preview_nolla_.mp4\" type=\"video\/mp4\"><\/video><\/div><\/script><\/div><\/div><\/div><\/div><div class=\"x-div e389-e53 mat-12 mat-13 mat-15 mat-16 mat-17 mat-18 mat-19 mat-1c mat-1j mat-1k mat-1l\"><span class=\"x-image e389-e54 mat-2p mat-2s\"><img decoding=\"async\" src=\"https:\/\/thecrew.issaline.com\/wp-content\/uploads\/2025\/02\/Grupo-1.png\" width=\"517\" height=\"440\" alt=\"Image\" loading=\"lazy\"><\/span><\/div><\/div><div class=\"x-slide e389-e55 mat-33\" data-x-slide=\"\"><div class=\"x-div e389-e56 mat-17 mat-18 mat-19 mat-1a mat-1b mat-1c mat-1g mat-1h mat-1i mat-1j\"><div class=\"x-bg\" aria-hidden=\"true\"><div class=\"x-bg-layer-lower-video\"><div  class=\"x-video player bg transparent hide-controls autoplay loop muted playsinline\" data-x-element-mejs=\"{&quot;poster&quot;:&quot;&quot;}\"  data-x-video-options='{\"pause_out_of_view\":true}'><script type=\"text\/template\"><div class=\"x-video-inner video\/mp4  transparent\"><video class=\"x-mejs has-stack-styles\" preload=\"metadata\" autoplay loop muted playsinline><source src=\"https:\/\/thecrew.issaline.com\/wp-content\/uploads\/2025\/02\/preview_okamvuba__.mp4\" type=\"video\/mp4\"><\/video><\/div><\/script><\/div><\/div><\/div><\/div><div class=\"x-div e389-e57 mat-12 mat-13 mat-15 mat-16 mat-17 mat-18 mat-19 mat-1c mat-1j mat-1k mat-1l\"><span class=\"x-image e389-e58 mat-2p mat-2s\"><img decoding=\"async\" src=\"https:\/\/thecrew.issaline.com\/wp-content\/uploads\/2025\/02\/Grupo-2.png\" width=\"517\" height=\"440\" alt=\"Image\" loading=\"lazy\"><\/span><\/div><\/div><div class=\"x-slide e389-e59 mat-33\" data-x-slide=\"\"><div class=\"x-div e389-e60 mat-17 mat-18 mat-19 mat-1a mat-1b mat-1c mat-1g mat-1h mat-1i mat-1j\"><div class=\"x-bg\" aria-hidden=\"true\"><div class=\"x-bg-layer-lower-video\"><div  class=\"x-video player bg transparent hide-controls autoplay loop muted playsinline\" data-x-element-mejs=\"{&quot;poster&quot;:&quot;&quot;}\"  data-x-video-options='{\"pause_out_of_view\":true}'><script type=\"text\/template\"><div class=\"x-video-inner video\/mp4  transparent\"><video class=\"x-mejs has-stack-styles\" preload=\"metadata\" autoplay loop muted playsinline><source src=\"https:\/\/thecrew.issaline.com\/wp-content\/uploads\/2025\/01\/fallas_intro_opt_.mp4\" type=\"video\/mp4\"><\/video><\/div><\/script><\/div><\/div><\/div><\/div><div class=\"x-div e389-e61 mat-12 mat-13 mat-15 mat-16 mat-17 mat-18 mat-19 mat-1c mat-1j mat-1k mat-1l\"><span class=\"x-image e389-e62 mat-2p mat-2s\"><img decoding=\"async\" src=\"https:\/\/thecrew.issaline.com\/wp-content\/uploads\/2025\/02\/Grupo-195224.png\" width=\"532\" height=\"440\" alt=\"Image\" loading=\"lazy\"><\/span><\/div><\/div><\/div><\/div><\/div><div class=\"x-row x-container max width e389-e63 mat-d mat-g mat-l mat-n mat-s\"><div class=\"x-row-inner\"><div class=\"x-col e389-e64 mat-x mat-y\"><div class=\"x-div e389-e65 mat-12 mat-15 mat-16 mat-17 mat-18 mat-19 mat-1c mat-1e mat-1k mat-1m\"><a class=\"x-div e389-e66 mat-12 mat-13 mat-18 mat-19 mat-1c mat-1g mat-1i mat-1k mat-1l mat-1n\" href=\"#prev\" data-x-slide-prev=\"\"><span class=\"x-image e389-e67 mat-2p mat-2t\"><img decoding=\"async\" src=\"https:\/\/thecrew.issaline.com\/wp-content\/uploads\/2023\/11\/arrow_left.png\" width=\"25\" height=\"41\" alt=\"Image\" loading=\"lazy\"><\/span><\/a><a class=\"x-div e389-e68 mat-12 mat-13 mat-19 mat-1c mat-1g mat-1i mat-1k mat-1l mat-1n mat-1o\" href=\"#next\" data-x-slide-next=\"\"><span class=\"x-image e389-e69 mat-2p mat-2t\"><img decoding=\"async\" src=\"https:\/\/thecrew.issaline.com\/wp-content\/uploads\/2023\/11\/arrow_right.png\" width=\"25\" height=\"41\" alt=\"Image\" loading=\"lazy\"><\/span><\/a><\/div><\/div><\/div><\/div><\/div><div class=\"x-section e389-e70 mat-0 mat-3 mat-8\"><div class=\"x-row x-container max width e389-e71 mat-d mat-e mat-g mat-n mat-t\"><div class=\"x-row-inner\"><div class=\"x-col e389-e72 mat-x mat-y\"><div class=\"x-text x-content e389-e73 mat-1q mat-1r mat-1t mat-1u mat-1y mat-22 mat-23 mat-28\">Because the really important thing about the job is who does it. The people behind it. Putting all the passion and dedication in their day to day.<\/div><\/div><div class=\"x-col e389-e74 mat-x mat-11\"><div class=\"x-grid e389-e75 mat-2u mat-2w\"><div class=\"x-cell e389-e76 mat-2x mat-2z\"><div class=\"x-bg\" aria-hidden=\"true\"><div class=\"x-bg-layer-lower-image\" style=\" background-image: url(https:\/\/thecrew.issaline.com\/wp-content\/uploads\/2025\/02\/DSC5076-scaled.jpg); background-repeat: no-repeat; background-position: center; background-size: cover;\"><\/div><div class=\"x-bg-layer-upper-color\" style=\" background-color: rgba(0, 0, 0, 0.11);\"><\/div><\/div><div class=\"x-row e389-e77 mat-d mat-e mat-g mat-n mat-u\"><div class=\"x-row-inner\"><div class=\"x-col e389-e78 mat-x mat-y\"><div class=\"x-text x-content e389-e79 mat-1q mat-1r mat-1t mat-1u mat-1v mat-23 mat-29\">Okambuva<\/div><div class=\"x-text x-content e389-e80 mat-1q mat-1r mat-1t mat-1v mat-24 mat-2a\">Builder<\/div><\/div><\/div><\/div><\/div><div class=\"x-cell e389-e81 mat-2x mat-2z mat-30\"><div class=\"x-bg\" aria-hidden=\"true\"><div class=\"x-bg-layer-lower-image\" style=\" background-image: url(https:\/\/thecrew.issaline.com\/wp-content\/uploads\/2025\/02\/artista_fallero.jpg); background-repeat: no-repeat; background-position: center; background-size: cover;\"><\/div><\/div><div class=\"x-row e389-e82 mat-d mat-e mat-g mat-n mat-v\"><div class=\"x-row-inner\"><div class=\"x-col e389-e83 mat-x mat-y\"><div class=\"x-text x-content e389-e84 mat-1r mat-1t mat-1u mat-1v mat-23 mat-29 mat-2b mat-2c\">Javier \u00c1lvarez-Sala<\/div><div class=\"x-text x-content e389-e85 mat-1q mat-1r mat-1v mat-24 mat-2a mat-2c mat-2d\"><p>artist<br \/>\nfallero<\/p><\/div><\/div><\/div><\/div><\/div><div class=\"x-cell e389-e86 mat-2x mat-2z\"><div class=\"x-bg\" aria-hidden=\"true\"><div class=\"x-bg-layer-lower-image\" style=\" background-image: url(https:\/\/thecrew.issaline.com\/wp-content\/uploads\/2025\/02\/DSC5769-scaled.jpg); background-repeat: no-repeat; background-position: center; background-size: cover;\"><\/div><div class=\"x-bg-layer-upper-color\" style=\" background-color: rgba(0, 0, 0, 0.11);\"><\/div><\/div><div class=\"x-row e389-e87 mat-d mat-e mat-g mat-n mat-w\"><div class=\"x-row-inner\"><div class=\"x-col e389-e88 mat-x mat-y\"><div class=\"x-text x-content e389-e89 mat-1q mat-1r mat-1t mat-1u mat-1v mat-23 mat-29\">Nolla Mosaic<\/div><div class=\"x-text x-content e389-e90 mat-1q mat-1r mat-1t mat-1v mat-24 mat-2a\">Ceramist<\/div><\/div><\/div><\/div><\/div><\/div><\/div><\/div><\/div><\/div><\/div>","protected":false},"excerpt":{"rendered":"<p>Trabajos singulares llevados a cabo con pasi\u00f3n y trabajo, haciendo perdurar la tradici\u00f3n de generaci\u00f3n en generaci\u00f3n.Porque lo verdaderamente importante del trabajo es qui&eacute;n lo desempe&ntilde;a. Aquellos trabajadores que ponen toda su pasi&oacute;n y dedicaci&oacute;n en el d&iacute;a a d&iacute;a. The Crew es un espacio para darle voz y reconocer a esas personasque nos inspiran a seguir mejorando.M\u00e1s que un&hellip;<\/p>","protected":false},"author":2,"featured_media":0,"parent":0,"menu_order":0,"comment_status":"closed","ping_status":"closed","template":"template-blank-4.php","meta":{"_acf_changed":false,"footnotes":""},"class_list":["post-389","page","type-page","status-publish","hentry","no-post-thumbnail"],"acf":[],"_links":{"self":[{"href":"https:\/\/thecrew.issaline.com\/en\/wp-json\/wp\/v2\/pages\/389","targetHints":{"allow":["GET"]}}],"collection":[{"href":"https:\/\/thecrew.issaline.com\/en\/wp-json\/wp\/v2\/pages"}],"about":[{"href":"https:\/\/thecrew.issaline.com\/en\/wp-json\/wp\/v2\/types\/page"}],"author":[{"embeddable":true,"href":"https:\/\/thecrew.issaline.com\/en\/wp-json\/wp\/v2\/users\/2"}],"replies":[{"embeddable":true,"href":"https:\/\/thecrew.issaline.com\/en\/wp-json\/wp\/v2\/comments?post=389"}],"version-history":[{"count":5,"href":"https:\/\/thecrew.issaline.com\/en\/wp-json\/wp\/v2\/pages\/389\/revisions"}],"predecessor-version":[{"id":707,"href":"https:\/\/thecrew.issaline.com\/en\/wp-json\/wp\/v2\/pages\/389\/revisions\/707"}],"wp:attachment":[{"href":"https:\/\/thecrew.issaline.com\/en\/wp-json\/wp\/v2\/media?parent=389"}],"curies":[{"name":"wp","href":"https:\/\/api.w.org\/{rel}","templated":true}]}}