{"id":389,"date":"2025-02-03T16:41:50","date_gmt":"2025-02-03T15:41:50","guid":{"rendered":"https:\/\/thecrew.issaline.com\/?page_id=389"},"modified":"2025-09-08T14:03:44","modified_gmt":"2025-09-08T12:03:44","slug":"singular-workers","status":"publish","type":"page","link":"https:\/\/thecrew.issaline.com\/it\/singular-workers\/","title":{"rendered":"Singular Workers"},"content":{"rendered":"<div id=\"cs-content\" class=\"cs-content\"><div class=\"x-section e389-e1 mat-0 mat-1\"><div class=\"x-bg\" aria-hidden=\"true\"><div class=\"x-bg-layer-lower-image\" style=\" background-image: url(https:\/\/thecrew.issaline.com\/wp-content\/uploads\/2025\/02\/singular_workers_portada_.jpg); background-repeat: no-repeat; background-position: center; background-size: cover;\"><\/div><div class=\"x-bg-layer-upper-color\" style=\" background-color: #252F3B3d;\"><\/div><\/div><div class=\"x-row x-container max width e389-e2 mat-d mat-e mat-f mat-m\"><div class=\"x-row-inner\"><div class=\"x-col e389-e3 mat-x mat-y\"><div class=\"x-div e389-e4 mat-12 mat-13 mat-14 mat-15 mat-16 mat-17 mat-18 mat-19\"><div class=\"x-text x-content e389-e5 mat-1p mat-1q mat-1r mat-1s mat-1t mat-1u mat-1v\">Lavori unici realizzati con passione e impegno, facendo durare la tradizione di generazione in generazione.<\/div><\/div><\/div><\/div><\/div><\/div><div class=\"x-section e389-e6 mat-0 mat-2 mat-3\"><div class=\"x-row x-container max width e389-e7 mat-d mat-e mat-g mat-n mat-o\"><div class=\"x-row-inner\"><div class=\"x-col e389-e8 mat-x mat-y\"><div class=\"x-text x-content e389-e9 mat-1q mat-1r mat-1u mat-1w mat-1x mat-1y mat-1z mat-20\"><p>Perch\u00e9 la parte pi\u00f9 importante del lavoro \u00e8 chi lo fa. Quei lavoratori che mettono tutta la loro passione e dedizione nel lavoro quotidiano. The Crew \u00e8 uno spazio per dare voce e riconoscimento a queste persone.<br \/>Persone che ci ispirano a continuare a migliorare.<\/p><\/div><hr class=\"x-line e389-e10 mat-2e mat-2f\"\/><div class=\"x-text x-text-headline e389-e11 mat-2i mat-2j mat-2k mat-2l\"><div class=\"x-text-content\"><div class=\"x-text-content-text\"><h4 class=\"x-text-content-text-primary\">Pi\u00f9 che un lavoro, la passione per una tradizione.<\/h4>\n<\/div><\/div><\/div><hr class=\"x-line e389-e12 mat-2e mat-2f\"\/><span class=\"x-image e389-e13 mat-2p mat-2q\"><img decoding=\"async\" src=\"https:\/\/thecrew.issaline.com\/wp-content\/uploads\/2025\/01\/Issaline_logo.png\" width=\"479\" height=\"195\" alt=\"Image\" loading=\"lazy\"><\/span><\/div><\/div><\/div><\/div><div class=\"x-section e389-e14 mat-0 mat-3 mat-4 mat-5\"><div class=\"x-row x-container max width e389-e15 mat-d mat-e mat-g mat-h mat-n mat-p\"><div class=\"x-row-inner\"><div class=\"x-col x-hide-sm x-hide-xs e389-e16 mat-x mat-y mat-z\"><div class=\"x-div e389-e17 mat-15 mat-16 mat-17 mat-18 mat-19 mat-1a mat-1b mat-1c\"><span class=\"x-image e389-e18 mat-2p mat-2r\"><img decoding=\"async\" src=\"https:\/\/thecrew.issaline.com\/wp-content\/uploads\/2025\/02\/Enmascarar-grupo-64.jpg\" width=\"527\" height=\"676\" alt=\"Image\" loading=\"lazy\"><\/span><\/div><\/div><div class=\"x-col e389-e19 mat-x mat-10\"><div class=\"x-text x-text-headline e389-e20 mat-2i mat-2j mat-2m mat-2n\"><div class=\"x-text-content\"><div class=\"x-text-content-text\"><h2 class=\"x-text-content-text-primary\">Opere singolari\n<span class=\"green-text\">Persone uniche<\/span><\/h2>\n<\/div><\/div><\/div><hr class=\"x-line e389-e21 mat-2f mat-2g\"\/><div class=\"x-text x-content e389-e22 mat-1q mat-1r mat-1t mat-1u mat-20 mat-21 mat-22 mat-23\"><p>Questi sono quei lavoratori che si dedicano al loro mestiere <strong>con passione e dedizione<\/strong>. Coloro che trasformano i limiti in sfide. Coloro il cui lavoro contribuisce alla vita degli altri.<\/p>\n<p>Questi sono i lavoratori che fanno parte di Singular Workers.<\/p><\/div><\/div><\/div><\/div><\/div><div class=\"x-section e389-e23 mat-0 mat-3 mat-4 mat-6\"><div class=\"x-row x-container max width e389-e24 mat-d mat-g mat-i mat-j mat-n mat-q\"><div class=\"x-row-inner\"><div class=\"x-col e389-e25 mat-x mat-y\"><div class=\"x-text x-content e389-e26 mat-1q mat-1r mat-1t mat-1y mat-20 mat-22 mat-23 mat-24\">Conosci i nostri <span class=\"green-text\"> SINGULAR WORKERS. <\/span><\/div><\/div><\/div><\/div><div class=\"x-grid x-container max width e389-e27 mat-2u mat-2v\"><a class=\"x-cell e389-e28 mat-2x mat-2y\" href=\"https:\/\/thecrew.issaline.com\/it\/singular-worker\/palomar\/\" data-x-effect-provider=\"colors effects\"><div class=\"x-div e389-e29 mat-15 mat-16 mat-17 mat-18 mat-19 mat-1a mat-1c mat-1d\"><span class=\"x-image e389-e30 mat-2p mat-2r mat-9 mat-a\" data-x-effect=\"{&quot;durationBase&quot;:&quot;300ms&quot;}\"><img decoding=\"async\" src=\"https:\/\/thecrew.issaline.com\/wp-content\/uploads\/2025\/07\/ElPalomar-48.jpg\" width=\"960\" height=\"640\" alt=\"Image\" loading=\"lazy\"><\/span><\/div><div class=\"x-div e389-e31 mat-12 mat-15 mat-17 mat-18 mat-19 mat-1e mat-1f mat-1g\"><div class=\"x-text x-content e389-e32 mat-1q mat-1r mat-1v mat-1x mat-1y mat-24 mat-25 mat-a mat-b\" data-x-effect=\"{&quot;durationBase&quot;:&quot;300ms&quot;}\">Agriturismo El Palomar<\/div><div class=\"x-text x-content e389-e33 mat-1q mat-1r mat-1u mat-1v mat-1w mat-22 mat-26 mat-a mat-c\" data-x-effect=\"{&quot;durationBase&quot;:&quot;300ms&quot;}\">Qui, ogni giorno assume un nuovo significato. Abbiamo trovato uno scopo nella custodia del territorio, nel legame con la terra e nel recupero di una vita rurale che sembrava destinata all'oblio.<\/div><span class=\"x-anchor x-anchor-button e389-e34 mat-31\" tabindex=\"0\"><div class=\"x-anchor-content\"><div class=\"x-anchor-text\"><span class=\"x-anchor-text-primary\">Per saperne di pi\u00f9<\/span><\/div><\/div><\/span><\/div><\/a><a class=\"x-cell e389-e28 mat-2x mat-2y\" href=\"https:\/\/thecrew.issaline.com\/it\/singular-worker\/vidrio-sorribes\/\" data-x-effect-provider=\"colors effects\"><div class=\"x-div e389-e29 mat-15 mat-16 mat-17 mat-18 mat-19 mat-1a mat-1c mat-1d\"><span class=\"x-image e389-e30 mat-2p mat-2r mat-9 mat-a\" data-x-effect=\"{&quot;durationBase&quot;:&quot;300ms&quot;}\"><img decoding=\"async\" src=\"https:\/\/thecrew.issaline.com\/wp-content\/uploads\/2025\/03\/vidrio_soriibes.jpg\" width=\"960\" height=\"540\" alt=\"Image\" loading=\"lazy\"><\/span><\/div><div class=\"x-div e389-e31 mat-12 mat-15 mat-17 mat-18 mat-19 mat-1e mat-1f mat-1g\"><div class=\"x-text x-content e389-e32 mat-1q mat-1r mat-1v mat-1x mat-1y mat-24 mat-25 mat-a mat-b\" data-x-effect=\"{&quot;durationBase&quot;:&quot;300ms&quot;}\">Vetro Sorribes<\/div><div class=\"x-text x-content e389-e33 mat-1q mat-1r mat-1u mat-1v mat-1w mat-22 mat-26 mat-a mat-c\" data-x-effect=\"{&quot;durationBase&quot;:&quot;300ms&quot;}\">La nostra storia \u00e8 quella di un mestiere che si fonde con il tempo. Quasi un secolo fa, il mio bisnonno tenne per la prima volta il vetro incandescente tra le mani, dando inizio a un'eredit\u00e0 che \u00e8 passata di generazione in generazione.<\/div><span class=\"x-anchor x-anchor-button e389-e34 mat-31\" tabindex=\"0\"><div class=\"x-anchor-content\"><div class=\"x-anchor-text\"><span class=\"x-anchor-text-primary\">Per saperne di pi\u00f9<\/span><\/div><\/div><\/span><\/div><\/a><a class=\"x-cell e389-e28 mat-2x mat-2y\" href=\"https:\/\/thecrew.issaline.com\/it\/singular-worker\/mosaico-nolla\/\" data-x-effect-provider=\"colors effects\"><div class=\"x-div e389-e29 mat-15 mat-16 mat-17 mat-18 mat-19 mat-1a mat-1c mat-1d\"><span class=\"x-image e389-e30 mat-2p mat-2r mat-9 mat-a\" data-x-effect=\"{&quot;durationBase&quot;:&quot;300ms&quot;}\"><img decoding=\"async\" src=\"https:\/\/thecrew.issaline.com\/wp-content\/uploads\/2025\/02\/MosaicoNolla_1.jpg\" width=\"960\" height=\"540\" alt=\"Image\" loading=\"lazy\"><\/span><\/div><div class=\"x-div e389-e31 mat-12 mat-15 mat-17 mat-18 mat-19 mat-1e mat-1f mat-1g\"><div class=\"x-text x-content e389-e32 mat-1q mat-1r mat-1v mat-1x mat-1y mat-24 mat-25 mat-a mat-b\" data-x-effect=\"{&quot;durationBase&quot;:&quot;300ms&quot;}\">Mosaico di Nolla<\/div><div class=\"x-text x-content e389-e33 mat-1q mat-1r mat-1u mat-1v mat-1w mat-22 mat-26 mat-a mat-c\" data-x-effect=\"{&quot;durationBase&quot;:&quot;300ms&quot;}\">Come mammiferi costruiamo le nostre case dalle fondamenta. Con una manciata di passione e una manciata di ambizione. Con una dose di potere e con i legami della nostra comunit\u00e0.<\/div><span class=\"x-anchor x-anchor-button e389-e34 mat-31\" tabindex=\"0\"><div class=\"x-anchor-content\"><div class=\"x-anchor-text\"><span class=\"x-anchor-text-primary\">Per saperne di pi\u00f9<\/span><\/div><\/div><\/span><\/div><\/a><a class=\"x-cell e389-e28 mat-2x mat-2y\" href=\"https:\/\/thecrew.issaline.com\/it\/singular-worker\/okambuva\/\" data-x-effect-provider=\"colors effects\"><div class=\"x-div e389-e29 mat-15 mat-16 mat-17 mat-18 mat-19 mat-1a mat-1c mat-1d\"><span class=\"x-image e389-e30 mat-2p mat-2r mat-9 mat-a\" data-x-effect=\"{&quot;durationBase&quot;:&quot;300ms&quot;}\"><img decoding=\"async\" src=\"https:\/\/thecrew.issaline.com\/wp-content\/uploads\/2025\/02\/okambuva_1.jpg\" width=\"960\" height=\"540\" alt=\"Image\" loading=\"lazy\"><\/span><\/div><div class=\"x-div e389-e31 mat-12 mat-15 mat-17 mat-18 mat-19 mat-1e mat-1f mat-1g\"><div class=\"x-text x-content e389-e32 mat-1q mat-1r mat-1v mat-1x mat-1y mat-24 mat-25 mat-a mat-b\" data-x-effect=\"{&quot;durationBase&quot;:&quot;300ms&quot;}\">Okambuva<\/div><div class=\"x-text x-content e389-e33 mat-1q mat-1r mat-1u mat-1v mat-1w mat-22 mat-26 mat-a mat-c\" data-x-effect=\"{&quot;durationBase&quot;:&quot;300ms&quot;}\">Adattiamo materiali e tecniche sostenibili ai nuovi tempi, realizzando progetti che rispondono alle esigenze di ogni persona.<\/div><span class=\"x-anchor x-anchor-button e389-e34 mat-31\" tabindex=\"0\"><div class=\"x-anchor-content\"><div class=\"x-anchor-text\"><span class=\"x-anchor-text-primary\">Per saperne di pi\u00f9<\/span><\/div><\/div><\/span><\/div><\/a><a class=\"x-cell e389-e28 mat-2x mat-2y\" href=\"https:\/\/thecrew.issaline.com\/it\/singular-worker\/artistas-falleros\/\" data-x-effect-provider=\"colors effects\"><div class=\"x-div e389-e29 mat-15 mat-16 mat-17 mat-18 mat-19 mat-1a mat-1c mat-1d\"><span class=\"x-image e389-e30 mat-2p mat-2r mat-9 mat-a\" data-x-effect=\"{&quot;durationBase&quot;:&quot;300ms&quot;}\"><img decoding=\"async\" src=\"https:\/\/thecrew.issaline.com\/wp-content\/uploads\/2025\/02\/E146870.jpg\" width=\"615\" height=\"678\" alt=\"Image\" loading=\"lazy\"><\/span><\/div><div class=\"x-div e389-e31 mat-12 mat-15 mat-17 mat-18 mat-19 mat-1e mat-1f mat-1g\"><div class=\"x-text x-content e389-e32 mat-1q mat-1r mat-1v mat-1x mat-1y mat-24 mat-25 mat-a mat-b\" data-x-effect=\"{&quot;durationBase&quot;:&quot;300ms&quot;}\">Artisti Fallas<\/div><div class=\"x-text x-content e389-e33 mat-1q mat-1r mat-1u mat-1v mat-1w mat-22 mat-26 mat-a mat-c\" data-x-effect=\"{&quot;durationBase&quot;:&quot;300ms&quot;}\">Una professione con secoli di storia nella citt\u00e0 di Valencia. Lavoratori che mantengono viva la tradizione delle Fallas durante tutto l'anno.<\/div><span class=\"x-anchor x-anchor-button e389-e34 mat-31\" tabindex=\"0\"><div class=\"x-anchor-content\"><div class=\"x-anchor-text\"><span class=\"x-anchor-text-primary\">Per saperne di pi\u00f9<\/span><\/div><\/div><\/span><\/div><\/a><\/div><\/div><div class=\"x-section e389-e35 mat-0 mat-3 mat-7\"><div class=\"x-row x-container max width e389-e36 mat-d mat-g mat-i mat-k mat-n mat-r\"><div class=\"x-row-inner\"><div class=\"x-col e389-e37 mat-x mat-y\"><div class=\"x-text x-text-headline e389-e38 mat-2i mat-2l mat-2n mat-2o\"><div class=\"x-text-content\"><div class=\"x-text-content-text\"><h2 class=\"x-text-content-text-primary\">Scoprite opere uniche piene di <span class=\"green-text\">passione e dedizione.<\/span><\/h2>\n<\/div><\/div><\/div><hr class=\"x-line e389-e39 mat-2f mat-2h\"\/><div class=\"x-text x-content e389-e40 mat-1q mat-1r mat-1s mat-1u mat-20 mat-27\">Immergetevi nelle storie di ciascuno dei nostri Lavoratori singolari. <strong>Conoscere ciascuna delle sue opere.<\/strong> Tramandati di padre in figlio, questi lavori sono tenuti in vita da persone che amano il loro lavoro e lo mantengono in vita.<\/div><hr class=\"x-line e389-e41 mat-2f mat-2h\"\/><\/div><\/div><\/div><div class=\"x-slide-container-viewport is-loading e389-e42 mat-32\" data-x-slide-container=\"{&quot;keyboardNavigation&quot;:true,&quot;justify&quot;:&quot;center&quot;,&quot;snap&quot;:true,&quot;int&quot;:&quot;drag off&quot;,&quot;direction&quot;:&quot;forward&quot;,&quot;startingSlide&quot;:1}\"><div class=\"x-slide-container-content x-container max width\"><div class=\"x-slide-container is-inline is-paged\"><div class=\"x-slide e389-e43 mat-33\" data-x-slide=\"\"><div class=\"x-div e389-e44 mat-17 mat-18 mat-19 mat-1a mat-1b mat-1c mat-1g mat-1h mat-1i mat-1j\"><div class=\"x-bg\" aria-hidden=\"true\"><div class=\"x-bg-layer-lower-video\"><div  class=\"x-video player bg transparent hide-controls autoplay loop muted playsinline\" data-x-element-mejs=\"{&quot;poster&quot;:&quot;&quot;}\"  data-x-video-options='{\"pause_out_of_view\":true}'><script type=\"text\/template\"><div class=\"x-video-inner video\/mp4  transparent\"><video class=\"x-mejs has-stack-styles\" preload=\"metadata\" autoplay loop muted playsinline><source src=\"https:\/\/thecrew.issaline.com\/wp-content\/uploads\/2025\/09\/Preview-Singular_Palomar_.mp4\" type=\"video\/mp4\"><\/video><\/div><\/script><\/div><\/div><\/div><\/div><div class=\"x-div e389-e45 mat-12 mat-13 mat-15 mat-16 mat-17 mat-18 mat-19 mat-1c mat-1j mat-1k mat-1l\"><span class=\"x-image e389-e46 mat-2p mat-2s\"><img decoding=\"async\" src=\"https:\/\/thecrew.issaline.com\/wp-content\/uploads\/2025\/07\/ElPalomar-scaled.png\" width=\"1280\" height=\"1165\" alt=\"Image\" loading=\"lazy\"><\/span><\/div><\/div><div class=\"x-slide e389-e47 mat-33\" data-x-slide=\"\"><div class=\"x-div e389-e48 mat-17 mat-18 mat-19 mat-1a mat-1b mat-1c mat-1g mat-1h mat-1i mat-1j\"><div class=\"x-bg\" aria-hidden=\"true\"><div class=\"x-bg-layer-lower-video\"><div  class=\"x-video player bg transparent hide-controls autoplay loop muted playsinline\" data-x-element-mejs=\"{&quot;poster&quot;:&quot;&quot;}\"  data-x-video-options='{\"pause_out_of_view\":true}'><script type=\"text\/template\"><div class=\"x-video-inner video\/mp4  transparent\"><video class=\"x-mejs has-stack-styles\" preload=\"metadata\" autoplay loop muted playsinline><source src=\"https:\/\/thecrew.issaline.com\/wp-content\/uploads\/2025\/09\/Preview-Singular_VidrioSorribes.mp4\" type=\"video\/mp4\"><\/video><\/div><\/script><\/div><\/div><\/div><\/div><div class=\"x-div e389-e49 mat-12 mat-13 mat-15 mat-16 mat-17 mat-18 mat-19 mat-1c mat-1j mat-1k mat-1l\"><span class=\"x-image e389-e50 mat-2p mat-2s\"><img decoding=\"async\" src=\"https:\/\/thecrew.issaline.com\/wp-content\/uploads\/2025\/03\/VidrioSorribes_logo.png\" width=\"593\" height=\"540\" alt=\"Image\" loading=\"lazy\"><\/span><\/div><\/div><div class=\"x-slide e389-e51 mat-33\" data-x-slide=\"\"><div class=\"x-div e389-e52 mat-17 mat-18 mat-19 mat-1a mat-1b mat-1c mat-1g mat-1h mat-1i mat-1j\"><div class=\"x-bg\" aria-hidden=\"true\"><div class=\"x-bg-layer-lower-video\"><div  class=\"x-video player bg transparent hide-controls autoplay loop muted playsinline\" data-x-element-mejs=\"{&quot;poster&quot;:&quot;&quot;}\"  data-x-video-options='{\"pause_out_of_view\":true}'><script type=\"text\/template\"><div class=\"x-video-inner video\/mp4  transparent\"><video class=\"x-mejs has-stack-styles\" preload=\"metadata\" autoplay loop muted playsinline><source src=\"https:\/\/thecrew.issaline.com\/wp-content\/uploads\/2025\/02\/preview_nolla_.mp4\" type=\"video\/mp4\"><\/video><\/div><\/script><\/div><\/div><\/div><\/div><div class=\"x-div e389-e53 mat-12 mat-13 mat-15 mat-16 mat-17 mat-18 mat-19 mat-1c mat-1j mat-1k mat-1l\"><span class=\"x-image e389-e54 mat-2p mat-2s\"><img decoding=\"async\" src=\"https:\/\/thecrew.issaline.com\/wp-content\/uploads\/2025\/02\/Grupo-1.png\" width=\"517\" height=\"440\" alt=\"Image\" loading=\"lazy\"><\/span><\/div><\/div><div class=\"x-slide e389-e55 mat-33\" data-x-slide=\"\"><div class=\"x-div e389-e56 mat-17 mat-18 mat-19 mat-1a mat-1b mat-1c mat-1g mat-1h mat-1i mat-1j\"><div class=\"x-bg\" aria-hidden=\"true\"><div class=\"x-bg-layer-lower-video\"><div  class=\"x-video player bg transparent hide-controls autoplay loop muted playsinline\" data-x-element-mejs=\"{&quot;poster&quot;:&quot;&quot;}\"  data-x-video-options='{\"pause_out_of_view\":true}'><script type=\"text\/template\"><div class=\"x-video-inner video\/mp4  transparent\"><video class=\"x-mejs has-stack-styles\" preload=\"metadata\" autoplay loop muted playsinline><source src=\"https:\/\/thecrew.issaline.com\/wp-content\/uploads\/2025\/02\/preview_okamvuba__.mp4\" type=\"video\/mp4\"><\/video><\/div><\/script><\/div><\/div><\/div><\/div><div class=\"x-div e389-e57 mat-12 mat-13 mat-15 mat-16 mat-17 mat-18 mat-19 mat-1c mat-1j mat-1k mat-1l\"><span class=\"x-image e389-e58 mat-2p mat-2s\"><img decoding=\"async\" src=\"https:\/\/thecrew.issaline.com\/wp-content\/uploads\/2025\/02\/Grupo-2.png\" width=\"517\" height=\"440\" alt=\"Image\" loading=\"lazy\"><\/span><\/div><\/div><div class=\"x-slide e389-e59 mat-33\" data-x-slide=\"\"><div class=\"x-div e389-e60 mat-17 mat-18 mat-19 mat-1a mat-1b mat-1c mat-1g mat-1h mat-1i mat-1j\"><div class=\"x-bg\" aria-hidden=\"true\"><div class=\"x-bg-layer-lower-video\"><div  class=\"x-video player bg transparent hide-controls autoplay loop muted playsinline\" data-x-element-mejs=\"{&quot;poster&quot;:&quot;&quot;}\"  data-x-video-options='{\"pause_out_of_view\":true}'><script type=\"text\/template\"><div class=\"x-video-inner video\/mp4  transparent\"><video class=\"x-mejs has-stack-styles\" preload=\"metadata\" autoplay loop muted playsinline><source src=\"https:\/\/thecrew.issaline.com\/wp-content\/uploads\/2025\/01\/fallas_intro_opt_.mp4\" type=\"video\/mp4\"><\/video><\/div><\/script><\/div><\/div><\/div><\/div><div class=\"x-div e389-e61 mat-12 mat-13 mat-15 mat-16 mat-17 mat-18 mat-19 mat-1c mat-1j mat-1k mat-1l\"><span class=\"x-image e389-e62 mat-2p mat-2s\"><img decoding=\"async\" src=\"https:\/\/thecrew.issaline.com\/wp-content\/uploads\/2025\/02\/Grupo-195224.png\" width=\"532\" height=\"440\" alt=\"Image\" loading=\"lazy\"><\/span><\/div><\/div><\/div><\/div><\/div><div class=\"x-row x-container max width e389-e63 mat-d mat-g mat-l mat-n mat-s\"><div class=\"x-row-inner\"><div class=\"x-col e389-e64 mat-x mat-y\"><div class=\"x-div e389-e65 mat-12 mat-15 mat-16 mat-17 mat-18 mat-19 mat-1c mat-1e mat-1k mat-1m\"><a class=\"x-div e389-e66 mat-12 mat-13 mat-18 mat-19 mat-1c mat-1g mat-1i mat-1k mat-1l mat-1n\" href=\"#prev\" data-x-slide-prev=\"\"><span class=\"x-image e389-e67 mat-2p mat-2t\"><img decoding=\"async\" src=\"https:\/\/thecrew.issaline.com\/wp-content\/uploads\/2023\/11\/arrow_left.png\" width=\"25\" height=\"41\" alt=\"Image\" loading=\"lazy\"><\/span><\/a><a class=\"x-div e389-e68 mat-12 mat-13 mat-19 mat-1c mat-1g mat-1i mat-1k mat-1l mat-1n mat-1o\" href=\"#next\" data-x-slide-next=\"\"><span class=\"x-image e389-e69 mat-2p mat-2t\"><img decoding=\"async\" src=\"https:\/\/thecrew.issaline.com\/wp-content\/uploads\/2023\/11\/arrow_right.png\" width=\"25\" height=\"41\" alt=\"Image\" loading=\"lazy\"><\/span><\/a><\/div><\/div><\/div><\/div><\/div><div class=\"x-section e389-e70 mat-0 mat-3 mat-8\"><div class=\"x-row x-container max width e389-e71 mat-d mat-e mat-g mat-n mat-t\"><div class=\"x-row-inner\"><div class=\"x-col e389-e72 mat-x mat-y\"><div class=\"x-text x-content e389-e73 mat-1q mat-1r mat-1t mat-1u mat-1y mat-22 mat-23 mat-28\">Perch\u00e9 la cosa pi\u00f9 importante del lavoro \u00e8 chi lo fa. Le persone che ci sono dietro. Che mettono tutta la loro passione e dedizione nel lavoro quotidiano.<\/div><\/div><div class=\"x-col e389-e74 mat-x mat-11\"><div class=\"x-grid e389-e75 mat-2u mat-2w\"><div class=\"x-cell e389-e76 mat-2x mat-2z\"><div class=\"x-bg\" aria-hidden=\"true\"><div class=\"x-bg-layer-lower-image\" style=\" background-image: url(https:\/\/thecrew.issaline.com\/wp-content\/uploads\/2025\/02\/DSC5076-scaled.jpg); background-repeat: no-repeat; background-position: center; background-size: cover;\"><\/div><div class=\"x-bg-layer-upper-color\" style=\" background-color: rgba(0, 0, 0, 0.11);\"><\/div><\/div><div class=\"x-row e389-e77 mat-d mat-e mat-g mat-n mat-u\"><div class=\"x-row-inner\"><div class=\"x-col e389-e78 mat-x mat-y\"><div class=\"x-text x-content e389-e79 mat-1q mat-1r mat-1t mat-1u mat-1v mat-23 mat-29\">Okambuva<\/div><div class=\"x-text x-content e389-e80 mat-1q mat-1r mat-1t mat-1v mat-24 mat-2a\">Costruttore<\/div><\/div><\/div><\/div><\/div><div class=\"x-cell e389-e81 mat-2x mat-2z mat-30\"><div class=\"x-bg\" aria-hidden=\"true\"><div class=\"x-bg-layer-lower-image\" style=\" background-image: url(https:\/\/thecrew.issaline.com\/wp-content\/uploads\/2025\/02\/artista_fallero.jpg); background-repeat: no-repeat; background-position: center; background-size: cover;\"><\/div><\/div><div class=\"x-row e389-e82 mat-d mat-e mat-g mat-n mat-v\"><div class=\"x-row-inner\"><div class=\"x-col e389-e83 mat-x mat-y\"><div class=\"x-text x-content e389-e84 mat-1r mat-1t mat-1u mat-1v mat-23 mat-29 mat-2b mat-2c\">Javier \u00c1lvarez-Sala<\/div><div class=\"x-text x-content e389-e85 mat-1q mat-1r mat-1v mat-24 mat-2a mat-2c mat-2d\"><p>artista<br \/>\nfallero<\/p><\/div><\/div><\/div><\/div><\/div><div class=\"x-cell e389-e86 mat-2x mat-2z\"><div class=\"x-bg\" aria-hidden=\"true\"><div class=\"x-bg-layer-lower-image\" style=\" background-image: url(https:\/\/thecrew.issaline.com\/wp-content\/uploads\/2025\/02\/DSC5769-scaled.jpg); background-repeat: no-repeat; background-position: center; background-size: cover;\"><\/div><div class=\"x-bg-layer-upper-color\" style=\" background-color: rgba(0, 0, 0, 0.11);\"><\/div><\/div><div class=\"x-row e389-e87 mat-d mat-e mat-g mat-n mat-w\"><div class=\"x-row-inner\"><div class=\"x-col e389-e88 mat-x mat-y\"><div class=\"x-text x-content e389-e89 mat-1q mat-1r mat-1t mat-1u mat-1v mat-23 mat-29\">Mosaico di Nolla<\/div><div class=\"x-text x-content e389-e90 mat-1q mat-1r mat-1t mat-1v mat-24 mat-2a\">Ceramista<\/div><\/div><\/div><\/div><\/div><\/div><\/div><\/div><\/div><\/div><\/div>","protected":false},"excerpt":{"rendered":"<p>Trabajos singulares llevados a cabo con pasi\u00f3n y trabajo, haciendo perdurar la tradici\u00f3n de generaci\u00f3n en generaci\u00f3n.Porque lo verdaderamente importante del trabajo es qui&eacute;n lo desempe&ntilde;a. Aquellos trabajadores que ponen toda su pasi&oacute;n y dedicaci&oacute;n en el d&iacute;a a d&iacute;a. The Crew es un espacio para darle voz y reconocer a esas personasque nos inspiran a seguir mejorando.M\u00e1s que un&hellip;<\/p>","protected":false},"author":2,"featured_media":0,"parent":0,"menu_order":0,"comment_status":"closed","ping_status":"closed","template":"template-blank-4.php","meta":{"_acf_changed":false,"footnotes":""},"class_list":["post-389","page","type-page","status-publish","hentry","no-post-thumbnail"],"acf":[],"_links":{"self":[{"href":"https:\/\/thecrew.issaline.com\/it\/wp-json\/wp\/v2\/pages\/389","targetHints":{"allow":["GET"]}}],"collection":[{"href":"https:\/\/thecrew.issaline.com\/it\/wp-json\/wp\/v2\/pages"}],"about":[{"href":"https:\/\/thecrew.issaline.com\/it\/wp-json\/wp\/v2\/types\/page"}],"author":[{"embeddable":true,"href":"https:\/\/thecrew.issaline.com\/it\/wp-json\/wp\/v2\/users\/2"}],"replies":[{"embeddable":true,"href":"https:\/\/thecrew.issaline.com\/it\/wp-json\/wp\/v2\/comments?post=389"}],"version-history":[{"count":5,"href":"https:\/\/thecrew.issaline.com\/it\/wp-json\/wp\/v2\/pages\/389\/revisions"}],"predecessor-version":[{"id":707,"href":"https:\/\/thecrew.issaline.com\/it\/wp-json\/wp\/v2\/pages\/389\/revisions\/707"}],"wp:attachment":[{"href":"https:\/\/thecrew.issaline.com\/it\/wp-json\/wp\/v2\/media?parent=389"}],"curies":[{"name":"wp","href":"https:\/\/api.w.org\/{rel}","templated":true}]}}